{"id":111,"date":"2020-06-24T15:35:33","date_gmt":"2020-06-24T15:35:33","guid":{"rendered":"http:\/\/tanzt-kinder.de\/?page_id=111"},"modified":"2020-06-24T15:38:28","modified_gmt":"2020-06-24T15:38:28","slug":"datenschutz","status":"publish","type":"page","link":"https:\/\/tanzt-kinder.de\/?page_id=111","title":{"rendered":"Datenschutz"},"content":{"rendered":"\n<p style=\"font-size:-1px\"><strong>Datenschutzerkl\u00e4rung der Website www.tanzt-kinder.de<\/strong><\/p>\n\n\n\n<p>Hinsichtlich der Verarbeitung personenbezogener Daten \u00fcber unserer Website gelten folgende Bestimmungen&nbsp;<\/p>\n\n\n\n<p><strong>\u00a7 1 Information \u00fcber die Erhebung personenbezogener Daten\u00a0<\/strong><\/p>\n\n\n\n<p>(1) Im Folgenden informieren wir Sie \u00fcber die Erhebung personenbezogener Daten bei Nutzung unserer Website. Personenbezogene Daten sind alle Daten, die auf Sie pers\u00f6nlich beziehbar sind, z.B. Ihr Name, Adresse, E-Mail-Adressen sowie (ggf.) Ihr Nutzerverhalten.&nbsp;<\/p>\n\n\n\n<p>(2) Verantwortlicher gem\u00e4\u00df Art. 4 Ziffer 7 EU-Datenschutz-Grundverordnung (nachfolgend \u201eDS- GVO\u201c) ist\u00a0<\/p>\n\n\n\n<p>Heidi Olech<br>Tanz-und Bewegungsp\u00e4dagogin&nbsp;<br>Ge\u00dflerstra\u00dfe 6<br>10829 Berlin<br>Deutschland&nbsp;<\/p>\n\n\n\n<p>datenschutz@tanzt-kinder.de&nbsp;<\/p>\n\n\n\n<p>(3) Bei Ihrer Kontaktaufnahme mit uns per E-Mail werden die von Ihnen mitgeteilten Daten von uns verarbeitet und gespeichert, um Ihre Fragen zu beantworten. Die in diesem Zusammenhang anfallenden Daten l\u00f6schen wir, nachdem die Speicherung nicht mehr erforderlich ist, oder schr\u00e4nken die Verarbeitung ein, falls (z.B. steuer-)gesetzliche Aufbewahrungspflichten oder sonstige Rechtfertigungsgr\u00fcnde zur weitergehenden Speicherung bestehen.<\/p>\n\n\n\n<p>Rechtsgrundlage der erstmaligen Erhebung ist insoweit Artikel 6 Abs. 1 S. 1 lit. a DS-GVO, diejenige f\u00fcr die weitere Verarbeitung im Rahmen einer Vertragserf\u00fcllung oder zur Durchf\u00fchrung vorvertraglicher Ma\u00dfnahmen, die f\u00fcr die Beantragung Ihrer Anfrage erforderlich sind, Artikel 6 Abs. 1 S. 1 lit. b DS-GVO sowie (ggf.) weitere Speicherung aus sonstigen rechtlichen Gr\u00fcnden Artikel 6 Abs. 1 S. 1 lit. c DS-DVO.<br>(4) Falls wir f\u00fcr einzelne Funktionen unseres Angebots auf beauftragte Dienstleister zur\u00fcckgreifen oder Ihre Daten f\u00fcr werbliche Zwecke nutzen m\u00f6chten, werden wir Sie untenstehend im Detail \u00fcber die jeweiligen Vorg\u00e4nge informieren. Dabei nennen wir auch die festgelegten Kriterien der Speicherdauer.&nbsp;<\/p>\n\n\n\n<p><strong>\u00a7 2 Ihre Rechte\u00a0<\/strong><\/p>\n\n\n\n<p>(1) Sie haben gegen\u00fcber uns folgende Rechte hinsichtlich der Sie betreffenden personenbezogenen Daten:&nbsp;<\/p>\n\n\n\n<p>\u2013 Recht auf Auskunft,<br>\u2013 Recht auf Berichtigung oder L\u00f6schung,<br>\u2013 Recht auf Einschr\u00e4nkung der Verarbeitung,<br>\u2013 Recht auf Widerspruch gegen die Verarbeitung sowie \u2013 Recht auf Daten\u00fcbertragbarkeit.&nbsp;<\/p>\n\n\n\n<p>(2) Sie haben zudem das Recht, sich bei einer Datenschutz-Aufsichtsbeh\u00f6rde \u00fcber die eine \u2013 aus Ihrer Sicht \u2013 rechtswidrige Verarbeitung Ihrer personenbezogenen Daten durch uns zu beschweren. In der Regel k\u00f6nnen Sie sich hierf\u00fcr an die Aufsichtsbeh\u00f6rde Ihres \u00fcblichen Aufenthaltsortes oder Arbeitsplatzes oder unseres Unternehmenssitzes wenden.&nbsp;<\/p>\n\n\n\n<p>(3) Soweit Sie Ihre in Absatz 1 aufgef\u00fchrten Rechte auf Berichtigung, L\u00f6schung oder Einschr\u00e4nkung der Verarbeitung gegen\u00fcber uns geltend gemacht, so sind wir verpflichtet, allen Empf\u00e4ngern, denen die Sie betreffenden personenbezogenen Daten offengelegt wurden, die von Ihnen gew\u00fcnschte Berichtigung oder L\u00f6schung der Daten oder Einschr\u00e4nkung der Verarbeitung mitzuteilen, es sei denn, dies erweist sich als unm\u00f6glich oder ist mit einem unverh\u00e4ltnism\u00e4\u00dfigen Aufwand verbunden. Ihnen steht uns gegen\u00fcber aber in jedem Falle das Recht zu, \u00fcber diese Empf\u00e4nger unterrichtet zu werden. (4) Wir weisen klarstellend darauf hin, dass bei uns keinerlei automatisierten Entscheidungsfindung gem\u00e4\u00df Artikel 22 Abs\u00e4tze 1 und 4 DS-GVO stattfindet.<\/p>\n\n\n\n<p><strong>\u00a7 3 Erhebung personenbezogener Daten bei Besuch (= Aufruf) unserer Website\u00a0<\/strong><\/p>\n\n\n\n<p>Bei einem lediglich informatorischen Besuch der Website (= Aufruf), d.h. falls Sie uns nicht anderweitig Informationen \u00fcbermitteln, erheben wir nur die personenbezogenen Daten, die Ihr Browser an unseren Server \u00fcbermittelt. Wir verwenden dazu ein \u00dcbertragungsverfahren, welches auf dem SSL-Protokoll (Secure Sockets Layer-Protokoll: ) basiert. Wenn Sie unsere Website betrachten m\u00f6chten, erheben wir die folgenden Daten, die f\u00fcr uns technisch erforderlich sind, um Ihnen unsere Website anzuzeigen und die Stabilit\u00e4t und Sicherheit zu gew\u00e4hrleisten (Rechtsgrundlage ist Art. 6 Abs. 1 S. 1 lit. f DS-GVO):<br><br>\u2013 IP-Adresse in pseudonymisierter Form<br>\u2013 Datum und Uhrzeit der Anfrage&nbsp;<br>\u2013 Zeitzonendifferenz zur Greenwich Mean Time (GMT)<br>\u2013 Inhalt der Anforderung (konkrete Seite)&nbsp;<br>\u2013 Zugriffsstatus\/HTTP-Statuscode<br>\u2013 jeweils \u00fcbertragene Datenmenge&nbsp;<br>\u2013 Website, von der die Anforderung kommt&nbsp;<br>\u2013 Browser<br>\u2013 Betriebssystem und dessen Oberfl\u00e4che&nbsp;<br>\u2013 Sprache und Version der Browsersoftware&nbsp;<\/p>\n\n\n\n<p><strong>\u00a7 4 Hinweis auf Drittdienstleister\u00a0<\/strong><\/p>\n\n\n\n<p>(1) Neben der rein informatorischen Nutzung unserer Website bieten wir an, per E-Mail Kurse zu buchen oder weitere Informationen abzufragen. Dazu m\u00fcssen Sie in der Regel weitere personenbezogene Daten angeben, die wir zur Erbringung der jeweiligen Leistung nutzen und f\u00fcr die die zuvor genannten Grunds\u00e4tze zur Datenverarbeitung gelten.&nbsp;<\/p>\n\n\n\n<p>(2) Teilweise bedienen wir uns zur Verarbeitung Ihrer Daten externer Dienstleister. Diese wurden von uns sorgf\u00e4ltig ausgew\u00e4hlt und beauftragt, sind an unsere Weisungen gebunden und werden regelm\u00e4\u00dfig kontrolliert.<\/p>\n\n\n\n<p>(3) Weiterhin k\u00f6nnen wir Ihre personenbezogenen Daten an Dritte weitergeben, wenn Vertragsabschl\u00fcsse oder \u00e4hnliche Leistungen von uns gemeinsam mit Partnern angeboten werden. N\u00e4here Informationen hierzu erhalten Sie bei Angabe Ihrer personenbezogenen Daten oder in der Beschreibung des Angebotes. Im Rahmen des Hostings unserer Website bedienen wir uns der Firma Strato (nachfolgend \u201eHOSTINGPARTNER\u201c) deren Server ebenfalls in Deutschland ans\u00e4ssig sind.&nbsp;<\/p>\n\n\n\n<p>(4) Soweit unsere Dienstleister oder Partner ihren Sitz in einem Staat au\u00dferhalb des Europ\u00e4ischen Wirtschaftsraumen (EWR) haben, informieren wir Sie \u00fcber die Folgen dieses Umstands in der Beschreibung des Angebotes.&nbsp;<\/p>\n\n\n\n<p><strong>\u00a7 5 Widerspruch gegen die oder Widerruf hinsichtlich der Verarbeitung Ihrer Daten\u00a0<\/strong><\/p>\n\n\n\n<p>(1) Falls Sie im Einzelfall eine Einwilligung zur Verarbeitung Ihrer Daten erteilt haben, k\u00f6nnen Sie diese jederzeit unter den oben unter \u00a7 1 Absatz 2 bzw. im dort verlinkten Impressum genannten Kontaktdaten widerrufen. Ein solcher Widerruf beeinflusst die Zul\u00e4ssigkeit der Verarbeitung Ihrer personenbezogenen Daten, nachdem Sie ihn gegen\u00fcber uns ausgesprochen haben.&nbsp;<\/p>\n\n\n\n<p>(2) Soweit wir die Verarbeitung Ihrer personenbezogenen Daten auf die Interessenabw\u00e4gung st\u00fctzen, k\u00f6nnen Sie Widerspruch gegen die Verarbeitung einlegen. Dies ist der Fall, wenn die Verarbeitung insbesondere nicht zur Erf\u00fcllung eines Vertrags mit Ihnen erforderlich ist, was von uns jeweils bei der nachfolgenden Beschreibung der Funktionen dargestellt wird. Bei Aus\u00fcbung eines solchen Widerspruchs bitten wir um Darlegung der Gr\u00fcnde, weshalb wir Ihre personenbezogenen Daten nicht wie von uns durchgef\u00fchrt verarbeiten sollten. Im Falle Ihres begr\u00fcndeten Widerspruchs pr\u00fcfen wir die Sachlage und werden entweder die Datenverarbeitung einstellen bzw. anpassen oder Ihnen unsere zwingenden schutzw\u00fcrdigen Gr\u00fcnde aufzeigen, aufgrund derer wir die Verarbeitung fortf\u00fchren.&nbsp;<\/p>\n\n\n\n<p>(3) Selbstverst\u00e4ndlich k\u00f6nnen Sie einer etwaigen Verarbeitung Ihrer personenbezogenen Daten f\u00fcr Zwecke der Werbung und Datenanalyse jederzeit widersprechen. \u00dcber Ihren Werbewiderspruch k\u00f6nnen Sie uns unter den oben unter \u00a7 1 Absatz 2 bzw. im dort verlinkten Impressum genannten Kontaktdaten informieren.&nbsp;<\/p>\n\n\n\n<p><strong>\u00a7 6 Links zu externen Websites\u00a0<\/strong><\/p>\n\n\n\n<p>Soweit dar\u00fcber hinaus auf Webseiten anderer Anbieter verlinkt wird, gilt diese Datenschutzerkl\u00e4rung nicht f\u00fcr deren Inhalte. Welche Daten die Betreiber dieser Seiten m\u00f6glicherweise erheben, entzieht sich unserem Kenntnis- und dem Einflussbereich. Informationen hier\u00fcber erhalten Sie ggf. im Datenschutzhinweis der jeweiligen Seite.<\/p>\n","protected":false},"excerpt":{"rendered":"<p>Datenschutzerkl\u00e4rung der Website www.tanzt-kinder.de Hinsichtlich der Verarbeitung personenbezogener Daten \u00fcber unserer Website gelten folgende Bestimmungen&nbsp; \u00a7 1 Information \u00fcber die Erhebung personenbezogener Daten\u00a0 (1) Im Folgenden informieren wir Sie \u00fcber die Erhebung personenbezogener Daten bei Nutzung unserer Website. Personenbezogene Daten sind alle Daten, die auf Sie pers\u00f6nlich beziehbar sind, z.B. Ihr Name, Adresse, E-Mail-Adressen sowie &hellip; <\/p>\n<p class=\"link-more\"><a href=\"https:\/\/tanzt-kinder.de\/?page_id=111\" class=\"more-link\"><span class=\"screen-reader-text\">\u201eDatenschutz\u201c<\/span> weiterlesen<\/a><\/p>\n","protected":false},"author":1,"featured_media":0,"parent":0,"menu_order":0,"comment_status":"closed","ping_status":"closed","template":"","meta":{"footnotes":""},"jetpack_sharing_enabled":true,"_links":{"self":[{"href":"https:\/\/tanzt-kinder.de\/index.php?rest_route=\/wp\/v2\/pages\/111"}],"collection":[{"href":"https:\/\/tanzt-kinder.de\/index.php?rest_route=\/wp\/v2\/pages"}],"about":[{"href":"https:\/\/tanzt-kinder.de\/index.php?rest_route=\/wp\/v2\/types\/page"}],"author":[{"embeddable":true,"href":"https:\/\/tanzt-kinder.de\/index.php?rest_route=\/wp\/v2\/users\/1"}],"replies":[{"embeddable":true,"href":"https:\/\/tanzt-kinder.de\/index.php?rest_route=%2Fwp%2Fv2%2Fcomments&post=111"}],"version-history":[{"count":3,"href":"https:\/\/tanzt-kinder.de\/index.php?rest_route=\/wp\/v2\/pages\/111\/revisions"}],"predecessor-version":[{"id":114,"href":"https:\/\/tanzt-kinder.de\/index.php?rest_route=\/wp\/v2\/pages\/111\/revisions\/114"}],"wp:attachment":[{"href":"https:\/\/tanzt-kinder.de\/index.php?rest_route=%2Fwp%2Fv2%2Fmedia&parent=111"}],"curies":[{"name":"wp","href":"https:\/\/api.w.org\/{rel}","templated":true}]}}