{"id":15,"date":"2020-06-24T14:11:55","date_gmt":"2020-06-24T14:11:55","guid":{"rendered":"http:\/\/tanzt-kinder.de\/?page_id=15"},"modified":"2020-06-24T14:54:44","modified_gmt":"2020-06-24T14:54:44","slug":"tanz-bis-1-jahr","status":"publish","type":"page","link":"https:\/\/tanzt-kinder.de\/?page_id=15","title":{"rendered":"Tanz bis 1 Jahr"},"content":{"rendered":"\n<blockquote class=\"wp-block-quote is-layout-flow wp-block-quote-is-layout-flow\"><p>Auf dem R\u00fccken der Mutter lernt das Kind zu tanzen,&nbsp; noch bevor es gehen kann.<\/p><cite><em>Afrikanische Weisheit<\/em><\/cite><\/blockquote>\n\n\n\n<p>Und bevor es alleine tanzen kann, ist die Entwicklung eines guten K\u00f6rpergef\u00fchls&nbsp;die beste Voraussetzung daf\u00fcr.<br><strong><br>F\u00f6rderung der fr\u00fchkindlichen Bewegungsentwicklung<br>im ersten Lebensjahr<br><br><\/strong>Im ersten Lebensjahr lernt der Mensch entscheidende Bewegungsmuster f\u00fcr seine weitere Entwicklung, sein Lernverhalten und seine psychische Entwicklung. In dieser Zeit werden die Grundlagen gelegt f\u00fcr seine Konzentrationsf\u00e4higkeit, Aufmerksamkeit, sein Selbstvertauen und Selbstbewusstsein.<\/p>\n\n\n\n<p><strong>ANKOMMEN&nbsp;<\/strong>\u2013&nbsp;den inneren Focus bewahren<\/p>\n\n\n\n<p><strong>BONDING<\/strong>&nbsp;|&nbsp;<strong>VERBINDEN<\/strong>&nbsp;\u2013&nbsp;in Beziehung gehen<\/p>\n\n\n\n<p><strong>SYMMETRIE<\/strong>&nbsp;\u2013&nbsp;die Mitte finden<\/p>\n\n\n\n<p><strong>ROLLEN<\/strong>\u2013&nbsp;mobil werden<\/p>\n\n\n\n<p><strong>KRABBELN&nbsp;<\/strong><strong>|&nbsp;<\/strong><strong>STEHEN&nbsp;<\/strong><strong>|&nbsp;<\/strong><strong>LAUFEN<\/strong>&nbsp;\u2013&nbsp;in die Welt hinausgehen&nbsp;<\/p>\n\n\n\n<p><strong>In einer ruhigen Atmosph\u00e4re bekommen Sie als Eltern eine Orientierungshilfe,&nbsp;wie Sie eine gesunde Entwicklung Ihres Kindes unterst\u00fctzen k\u00f6nnen.<\/strong><\/p>\n","protected":false},"excerpt":{"rendered":"<p>Auf dem R\u00fccken der Mutter lernt das Kind zu tanzen,&nbsp; noch bevor es gehen kann. Afrikanische Weisheit Und bevor es alleine tanzen kann, ist die Entwicklung eines guten K\u00f6rpergef\u00fchls&nbsp;die beste Voraussetzung daf\u00fcr.F\u00f6rderung der fr\u00fchkindlichen Bewegungsentwicklungim ersten Lebensjahr Im ersten Lebensjahr lernt der Mensch entscheidende Bewegungsmuster f\u00fcr seine weitere Entwicklung, sein Lernverhalten und seine psychische Entwicklung. &hellip; <\/p>\n<p class=\"link-more\"><a href=\"https:\/\/tanzt-kinder.de\/?page_id=15\" class=\"more-link\"><span class=\"screen-reader-text\">\u201eTanz bis 1 Jahr\u201c<\/span> weiterlesen<\/a><\/p>\n","protected":false},"author":1,"featured_media":67,"parent":6,"menu_order":1,"comment_status":"closed","ping_status":"closed","template":"","meta":{"footnotes":""},"jetpack_sharing_enabled":true,"_links":{"self":[{"href":"https:\/\/tanzt-kinder.de\/index.php?rest_route=\/wp\/v2\/pages\/15"}],"collection":[{"href":"https:\/\/tanzt-kinder.de\/index.php?rest_route=\/wp\/v2\/pages"}],"about":[{"href":"https:\/\/tanzt-kinder.de\/index.php?rest_route=\/wp\/v2\/types\/page"}],"author":[{"embeddable":true,"href":"https:\/\/tanzt-kinder.de\/index.php?rest_route=\/wp\/v2\/users\/1"}],"replies":[{"embeddable":true,"href":"https:\/\/tanzt-kinder.de\/index.php?rest_route=%2Fwp%2Fv2%2Fcomments&post=15"}],"version-history":[{"count":3,"href":"https:\/\/tanzt-kinder.de\/index.php?rest_route=\/wp\/v2\/pages\/15\/revisions"}],"predecessor-version":[{"id":90,"href":"https:\/\/tanzt-kinder.de\/index.php?rest_route=\/wp\/v2\/pages\/15\/revisions\/90"}],"up":[{"embeddable":true,"href":"https:\/\/tanzt-kinder.de\/index.php?rest_route=\/wp\/v2\/pages\/6"}],"wp:featuredmedia":[{"embeddable":true,"href":"https:\/\/tanzt-kinder.de\/index.php?rest_route=\/wp\/v2\/media\/67"}],"wp:attachment":[{"href":"https:\/\/tanzt-kinder.de\/index.php?rest_route=%2Fwp%2Fv2%2Fmedia&parent=15"}],"curies":[{"name":"wp","href":"https:\/\/api.w.org\/{rel}","templated":true}]}}