{"id":180,"date":"2020-11-21T15:32:38","date_gmt":"2020-11-21T15:32:38","guid":{"rendered":"http:\/\/tanzt-kinder.de\/?page_id=180"},"modified":"2021-08-28T09:46:01","modified_gmt":"2021-08-28T09:46:01","slug":"stationen-meiner-tanzreise","status":"publish","type":"page","link":"https:\/\/tanzt-kinder.de\/?page_id=180","title":{"rendered":"Stationen meiner Tanzreise"},"content":{"rendered":"\n<p>2017-2019 <br>Weiterbildung | Fortbildung zur Lern-und Entwicklungsbegleiterin L.b.e. am Institut f\u00fcr Bewegungs- und Lernentwicklung | Bettina Rollwagen<\/p>\n\n\n\n<p>ab 2010<br>J\u00e4hrliche Tanzreisen ins Village des Artistes von Koffi Koko in Ouidah Plage | Benin<\/p>\n\n\n\n<p>2005-2008<br>Ausbildung zur P\u00e4dagogin f\u00fcr fr\u00fchkindliche Bewegungsentwicklung, IDME, basierend auf den Prinzipien von Body-Mind Centering\u00ae<\/p>\n\n\n\n<p>seit 2007 Afrikanischer Tanz bei Koffi Koko<\/p>\n\n\n\n<p>seit 2006<br>Weiterbildungen in Body-Mind Centering\u00ae<br>bei L. Konstantinou und W. Glatz<\/p>\n\n\n\n<p><\/p>\n\n\n\n<p>2002-2004<br>Archetypen im Tanz &#8222;Mit den G\u00f6ttern tanzen&#8220; bei Brigitte Rumpf<\/p>\n\n\n\n<p>seit 2001 <br>Getanzte M\u00e4rchen und Mythen bei Brigitte Rumpf<\/p>\n\n\n\n<p>2000-2002<br>Ausbildung in heilp\u00e4dagogischem Tanz am ehem. Tanztherapie-institut Berlin, <br>Vorstufe zur Tanztherapie<\/p>\n\n\n\n<p>1999-2000<br>Fortbildungsreihe &#8222;The Art of Dance for Children&#8220; mit Jenny Hill,<br>Laban Institut London<\/p>\n\n\n\n<p>1995-1996<br>Ausbildung in kreativem Tanz und Choreografie f\u00fcr Kinder und Jugendliche bei Leanore Ickstadt, ehem. Wigmann Sch\u00fclerin,<br>Tanz Tangente \/ Berlin<\/p>\n\n\n\n<p>seit 1995 Mitglied bei &#8222;daCi&#8220;<\/p>\n\n\n\n<p>seit 1993<br>Teilnahme in den verschiedensten Tanz- und K\u00f6rperk\u00fcnsten Workshops bei Impulstanz \/ Wien<\/p>\n\n\n\n<p>1987<br>3-monatiges Traineeprogramm am Iwanson Center M\u00fcnchen<br>2.Staatsexamen f\u00fcr das Lehramt an Grundschulen in Braunschweig<\/p>\n\n\n\n<p>1984<br>1.Staatsexamen in Sport, Mathematik und Kunst f\u00fcr das Grundschullehramt an der TU Braunschweig<\/p>\n\n\n\n<p>1981-93<br>Modern Dance \/ Limon Technik WSs in Berlin und Braunschweig<\/p>\n\n\n\n<p><\/p>\n\n\n\n<p>1974-1979<br>Teilnahme an RocknRoll Meisterschaften<br>Showtanzgruppe H\u00e4usler Kwiatkowski \/ Sz. Lebenstedt<\/p>\n\n\n\n<p>bis 1974 Jazztanz, Kunstturnen<\/p>\n","protected":false},"excerpt":{"rendered":"<p>2017-2019 Weiterbildung | Fortbildung zur Lern-und Entwicklungsbegleiterin L.b.e. am Institut f\u00fcr Bewegungs- und Lernentwicklung | Bettina Rollwagen ab 2010J\u00e4hrliche Tanzreisen ins Village des Artistes von Koffi Koko in Ouidah Plage | Benin 2005-2008Ausbildung zur P\u00e4dagogin f\u00fcr fr\u00fchkindliche Bewegungsentwicklung, IDME, basierend auf den Prinzipien von Body-Mind Centering\u00ae seit 2007 Afrikanischer Tanz bei Koffi Koko seit 2006Weiterbildungen &hellip; <\/p>\n<p class=\"link-more\"><a href=\"https:\/\/tanzt-kinder.de\/?page_id=180\" class=\"more-link\"><span class=\"screen-reader-text\">\u201eStationen meiner Tanzreise\u201c<\/span> weiterlesen<\/a><\/p>\n","protected":false},"author":1,"featured_media":294,"parent":4,"menu_order":1,"comment_status":"closed","ping_status":"closed","template":"","meta":{"footnotes":""},"jetpack_sharing_enabled":true,"_links":{"self":[{"href":"https:\/\/tanzt-kinder.de\/index.php?rest_route=\/wp\/v2\/pages\/180"}],"collection":[{"href":"https:\/\/tanzt-kinder.de\/index.php?rest_route=\/wp\/v2\/pages"}],"about":[{"href":"https:\/\/tanzt-kinder.de\/index.php?rest_route=\/wp\/v2\/types\/page"}],"author":[{"embeddable":true,"href":"https:\/\/tanzt-kinder.de\/index.php?rest_route=\/wp\/v2\/users\/1"}],"replies":[{"embeddable":true,"href":"https:\/\/tanzt-kinder.de\/index.php?rest_route=%2Fwp%2Fv2%2Fcomments&post=180"}],"version-history":[{"count":5,"href":"https:\/\/tanzt-kinder.de\/index.php?rest_route=\/wp\/v2\/pages\/180\/revisions"}],"predecessor-version":[{"id":221,"href":"https:\/\/tanzt-kinder.de\/index.php?rest_route=\/wp\/v2\/pages\/180\/revisions\/221"}],"up":[{"embeddable":true,"href":"https:\/\/tanzt-kinder.de\/index.php?rest_route=\/wp\/v2\/pages\/4"}],"wp:featuredmedia":[{"embeddable":true,"href":"https:\/\/tanzt-kinder.de\/index.php?rest_route=\/wp\/v2\/media\/294"}],"wp:attachment":[{"href":"https:\/\/tanzt-kinder.de\/index.php?rest_route=%2Fwp%2Fv2%2Fmedia&parent=180"}],"curies":[{"name":"wp","href":"https:\/\/api.w.org\/{rel}","templated":true}]}}